{"id":8,"date":"2026-02-19T13:41:47","date_gmt":"2026-02-19T13:41:47","guid":{"rendered":"https:\/\/dani.wc-legacy.nacex.dev\/?page_id=8"},"modified":"2026-02-19T13:41:47","modified_gmt":"2026-02-19T13:41:47","slug":"carrito","status":"publish","type":"page","link":"https:\/\/dani.wc-legacy.nacex.dev\/?page_id=8","title":{"rendered":"Carrito"},"content":{"rendered":"\n<div data-block-name=\"woocommerce\/cart\" class=\"wp-block-woocommerce-cart alignwide is-loading\">\n<div data-block-name=\"woocommerce\/filled-cart-block\" class=\"wp-block-woocommerce-filled-cart-block\">\n<div data-block-name=\"woocommerce\/cart-items-block\" class=\"wp-block-woocommerce-cart-items-block\">\n<div data-block-name=\"woocommerce\/cart-line-items-block\" class=\"wp-block-woocommerce-cart-line-items-block\"><\/div>\n\n\n<\/div>\n\n\n\n\n<div data-block-name=\"woocommerce\/cart-totals-block\" class=\"wp-block-woocommerce-cart-totals-block\">\n<div data-block-name=\"woocommerce\/cart-order-summary-block\" class=\"wp-block-woocommerce-cart-order-summary-block\">\n<div data-block-name=\"woocommerce\/cart-order-summary-heading-block\" class=\"wp-block-woocommerce-cart-order-summary-heading-block\"><\/div><div data-block-name=\"woocommerce\/cart-order-summary-coupon-form-block\" class=\"wp-block-woocommerce-cart-order-summary-coupon-form-block\"><\/div><div data-block-name=\"woocommerce\/cart-order-summary-totals-block\" class=\"wp-block-woocommerce-cart-order-summary-totals-block\">\n<div data-block-name=\"woocommerce\/cart-order-summary-subtotal-block\" class=\"wp-block-woocommerce-cart-order-summary-subtotal-block\"><\/div>\n<div data-block-name=\"woocommerce\/cart-order-summary-discount-block\" class=\"wp-block-woocommerce-cart-order-summary-discount-block\"><\/div>\n<div data-block-name=\"woocommerce\/cart-order-summary-fee-block\" class=\"wp-block-woocommerce-cart-order-summary-fee-block\"><\/div>\n<div data-block-name=\"woocommerce\/cart-order-summary-shipping-block\" class=\"wp-block-woocommerce-cart-order-summary-shipping-block\"><\/div>\n<div data-block-name=\"woocommerce\/cart-order-summary-taxes-block\" class=\"wp-block-woocommerce-cart-order-summary-taxes-block\"><\/div><\/div>\n<\/div>\n\n\n\n<div data-block-name=\"woocommerce\/cart-express-payment-block\" class=\"wp-block-woocommerce-cart-express-payment-block\"><\/div>\n\n\n\n<div data-block-name=\"woocommerce\/proceed-to-checkout-block\" class=\"wp-block-woocommerce-proceed-to-checkout-block\"><\/div>\n\n\n\n<div data-block-name=\"woocommerce\/cart-accepted-payment-methods-block\" class=\"wp-block-woocommerce-cart-accepted-payment-methods-block\"><\/div>\n<\/div>\n<\/div>\n\n\n\n<div data-block-name=\"woocommerce\/empty-cart-block\" class=\"wp-block-woocommerce-empty-cart-block\">\n<h2 class=\"wp-block-heading has-text-align-center with-empty-cart-icon wc-block-cart__empty-cart__title\">\u00a1Tu carrito est\u00e1 actualmente vac\u00edo!<\/h2>\n\n\n\n<hr class=\"wp-block-separator has-alpha-channel-opacity is-style-dots\"\/>\n\n\n\n<h2 class=\"wp-block-heading has-text-align-center\">Nuevo en la tienda<\/h2>\n\n\n<div data-block-name=\"woocommerce\/product-new\" data-columns=\"4\" data-rows=\"1\" class=\"wc-block-grid wp-block-product-new wp-block-woocommerce-product-new wc-block-product-new has-4-columns\"><ul class=\"wc-block-grid__products\"><li class=\"wc-block-grid__product\">\n\t\t\t\t<a href=\"https:\/\/dani.wc-legacy.nacex.dev\/?product=pack-plantillas-excel-gestion-de-proyectos\" class=\"wc-block-grid__product-link\">\n\t\t\t\t\t\n\t\t\t\t\t<div class=\"wc-block-grid__product-image\"><img loading=\"lazy\" decoding=\"async\" width=\"300\" height=\"300\" src=\"https:\/\/dani.wc-legacy.nacex.dev\/wp-content\/uploads\/2026\/02\/fake-excel-templates-7130-300x300.jpg\" class=\"attachment-woocommerce_thumbnail size-woocommerce_thumbnail\" alt=\"Pack Plantillas Excel Gesti\u00f3n de Proyectos\" srcset=\"https:\/\/dani.wc-legacy.nacex.dev\/wp-content\/uploads\/2026\/02\/fake-excel-templates-7130-300x300.jpg 300w, https:\/\/dani.wc-legacy.nacex.dev\/wp-content\/uploads\/2026\/02\/fake-excel-templates-7130-150x150.jpg 150w, https:\/\/dani.wc-legacy.nacex.dev\/wp-content\/uploads\/2026\/02\/fake-excel-templates-7130-100x100.jpg 100w\" sizes=\"auto, (max-width: 300px) 100vw, 300px\" \/><\/div>\n\t\t\t\t\t<div class=\"wc-block-grid__product-title\">Pack Plantillas Excel Gesti\u00f3n de Proyectos<\/div>\n\t\t\t\t<\/a>\n\t\t\t\t<div class=\"wc-block-grid__product-price price\"><span class=\"woocommerce-Price-amount amount\"><span class=\"woocommerce-Price-currencySymbol\">&#036;<\/span>19.90<\/span><\/div>\n\t\t\t\t\n\t\t\t\t<div class=\"wp-block-button wc-block-grid__product-add-to-cart\"><a href=\"\/index.php?rest_route=%2Fwp%2Fv2%2Fpages%2F8&#038;add-to-cart=114\" aria-label=\"A\u00f1adir al carrito: &ldquo;Pack Plantillas Excel Gesti\u00f3n de Proyectos&rdquo;\" data-quantity=\"1\" data-product_id=\"114\" data-product_sku=\"DIG-XLS-PM\" data-price=\"19.9\" rel=\"nofollow\" class=\"wp-block-button__link wp-element-button add_to_cart_button ajax_add_to_cart\">A\u00f1adir al carrito<\/a><\/div>\n\t\t\t<\/li><li class=\"wc-block-grid__product\">\n\t\t\t\t<a href=\"https:\/\/dani.wc-legacy.nacex.dev\/?product=ebook-guia-completa-de-fotografia-digital\" class=\"wc-block-grid__product-link\">\n\t\t\t\t\t<div class=\"wc-block-grid__product-onsale\">\n\t\t\t<span aria-hidden=\"true\">Oferta<\/span>\n\t\t\t<span class=\"screen-reader-text\">Producto en oferta<\/span>\n\t\t<\/div>\n\t\t\t\t\t<div class=\"wc-block-grid__product-image\"><img loading=\"lazy\" decoding=\"async\" width=\"300\" height=\"300\" src=\"https:\/\/dani.wc-legacy.nacex.dev\/wp-content\/uploads\/2026\/02\/fake-photography-book-5617-300x300.jpg\" class=\"attachment-woocommerce_thumbnail size-woocommerce_thumbnail\" alt=\"eBook: Gu\u00eda Completa de Fotograf\u00eda Digital\" srcset=\"https:\/\/dani.wc-legacy.nacex.dev\/wp-content\/uploads\/2026\/02\/fake-photography-book-5617-300x300.jpg 300w, https:\/\/dani.wc-legacy.nacex.dev\/wp-content\/uploads\/2026\/02\/fake-photography-book-5617-150x150.jpg 150w, https:\/\/dani.wc-legacy.nacex.dev\/wp-content\/uploads\/2026\/02\/fake-photography-book-5617-100x100.jpg 100w\" sizes=\"auto, (max-width: 300px) 100vw, 300px\" \/><\/div>\n\t\t\t\t\t<div class=\"wc-block-grid__product-title\">eBook: Gu\u00eda Completa de Fotograf\u00eda Digital<\/div>\n\t\t\t\t<\/a>\n\t\t\t\t<div class=\"wc-block-grid__product-price price\"><del aria-hidden=\"true\"><span class=\"woocommerce-Price-amount amount\"><span class=\"woocommerce-Price-currencySymbol\">&#036;<\/span>14.99<\/span><\/del> <span class=\"screen-reader-text\">El precio original era: &#036;14.99.<\/span><ins aria-hidden=\"true\"><span class=\"woocommerce-Price-amount amount\"><span class=\"woocommerce-Price-currencySymbol\">&#036;<\/span>9.99<\/span><\/ins><span class=\"screen-reader-text\">El precio actual es: &#036;9.99.<\/span><\/div>\n\t\t\t\t\n\t\t\t\t<div class=\"wp-block-button wc-block-grid__product-add-to-cart\"><a href=\"\/index.php?rest_route=%2Fwp%2Fv2%2Fpages%2F8&#038;add-to-cart=112\" aria-label=\"A\u00f1adir al carrito: &ldquo;eBook: Gu\u00eda Completa de Fotograf\u00eda Digital&rdquo;\" data-quantity=\"1\" data-product_id=\"112\" data-product_sku=\"DIG-EBOOK-FOT\" data-price=\"9.99\" rel=\"nofollow\" class=\"wp-block-button__link wp-element-button add_to_cart_button ajax_add_to_cart\">A\u00f1adir al carrito<\/a><\/div>\n\t\t\t<\/li><li class=\"wc-block-grid__product\">\n\t\t\t\t<a href=\"https:\/\/dani.wc-legacy.nacex.dev\/?product=portatil-ultrabook-pro-15-i9-32gb-1tb\" class=\"wc-block-grid__product-link\">\n\t\t\t\t\t<div class=\"wc-block-grid__product-onsale\">\n\t\t\t<span aria-hidden=\"true\">Oferta<\/span>\n\t\t\t<span class=\"screen-reader-text\">Producto en oferta<\/span>\n\t\t<\/div>\n\t\t\t\t\t<div class=\"wc-block-grid__product-image\"><img loading=\"lazy\" decoding=\"async\" width=\"300\" height=\"300\" src=\"https:\/\/dani.wc-legacy.nacex.dev\/wp-content\/uploads\/2026\/02\/fake-laptop-3485-300x300.jpg\" class=\"attachment-woocommerce_thumbnail size-woocommerce_thumbnail\" alt=\"Port\u00e1til UltraBook Pro 15&quot; - i9\/32GB\/1TB\" srcset=\"https:\/\/dani.wc-legacy.nacex.dev\/wp-content\/uploads\/2026\/02\/fake-laptop-3485-300x300.jpg 300w, https:\/\/dani.wc-legacy.nacex.dev\/wp-content\/uploads\/2026\/02\/fake-laptop-3485-150x150.jpg 150w, https:\/\/dani.wc-legacy.nacex.dev\/wp-content\/uploads\/2026\/02\/fake-laptop-3485-100x100.jpg 100w\" sizes=\"auto, (max-width: 300px) 100vw, 300px\" \/><\/div>\n\t\t\t\t\t<div class=\"wc-block-grid__product-title\">Port\u00e1til UltraBook Pro 15&#8243; &#8211; i9\/32GB\/1TB<\/div>\n\t\t\t\t<\/a>\n\t\t\t\t<div class=\"wc-block-grid__product-price price\"><del aria-hidden=\"true\"><span class=\"woocommerce-Price-amount amount\"><span class=\"woocommerce-Price-currencySymbol\">&#036;<\/span>1,499.00<\/span><\/del> <span class=\"screen-reader-text\">El precio original era: &#036;1,499.00.<\/span><ins aria-hidden=\"true\"><span class=\"woocommerce-Price-amount amount\"><span class=\"woocommerce-Price-currencySymbol\">&#036;<\/span>1,299.00<\/span><\/ins><span class=\"screen-reader-text\">El precio actual es: &#036;1,299.00.<\/span><\/div>\n\t\t\t\t\n\t\t\t\t<div class=\"wp-block-button wc-block-grid__product-add-to-cart\"><a href=\"\/index.php?rest_route=%2Fwp%2Fv2%2Fpages%2F8&#038;add-to-cart=110\" aria-label=\"A\u00f1adir al carrito: &ldquo;Port\u00e1til UltraBook Pro 15&quot; - i9\/32GB\/1TB&rdquo;\" data-quantity=\"1\" data-product_id=\"110\" data-product_sku=\"ELE-LAP-PRO\" data-price=\"1299\" rel=\"nofollow\" class=\"wp-block-button__link wp-element-button add_to_cart_button ajax_add_to_cart\">A\u00f1adir al carrito<\/a><\/div>\n\t\t\t<\/li><li class=\"wc-block-grid__product\">\n\t\t\t\t<a href=\"https:\/\/dani.wc-legacy.nacex.dev\/?product=edicion-limitada-camiseta-retro-80s\" class=\"wc-block-grid__product-link\">\n\t\t\t\t\t\n\t\t\t\t\t<div class=\"wc-block-grid__product-image\"><img loading=\"lazy\" decoding=\"async\" width=\"300\" height=\"300\" src=\"https:\/\/dani.wc-legacy.nacex.dev\/wp-content\/uploads\/2026\/02\/fake-retro-tshirt-7550-300x300.jpg\" class=\"attachment-woocommerce_thumbnail size-woocommerce_thumbnail\" alt=\"Edici\u00f3n Limitada: Camiseta Retro 80s\" srcset=\"https:\/\/dani.wc-legacy.nacex.dev\/wp-content\/uploads\/2026\/02\/fake-retro-tshirt-7550-300x300.jpg 300w, https:\/\/dani.wc-legacy.nacex.dev\/wp-content\/uploads\/2026\/02\/fake-retro-tshirt-7550-150x150.jpg 150w, https:\/\/dani.wc-legacy.nacex.dev\/wp-content\/uploads\/2026\/02\/fake-retro-tshirt-7550-100x100.jpg 100w\" sizes=\"auto, (max-width: 300px) 100vw, 300px\" \/><\/div>\n\t\t\t\t\t<div class=\"wc-block-grid__product-title\">Edici\u00f3n Limitada: Camiseta Retro 80s<\/div>\n\t\t\t\t<\/a>\n\t\t\t\t<div class=\"wc-block-grid__product-price price\"><span class=\"woocommerce-Price-amount amount\"><span class=\"woocommerce-Price-currencySymbol\">&#036;<\/span>34.90<\/span><\/div>\n\t\t\t\t\n\t\t\t\t<div class=\"wp-block-button wc-block-grid__product-add-to-cart\"><a href=\"https:\/\/dani.wc-legacy.nacex.dev\/?product=edicion-limitada-camiseta-retro-80s\" aria-label=\"Lee m\u00e1s sobre &ldquo;Edici\u00f3n Limitada: Camiseta Retro 80s&rdquo;\" data-quantity=\"1\" data-product_id=\"108\" data-product_sku=\"CAM-RET-80\" data-price=\"34.9\" rel=\"nofollow\" class=\"wp-block-button__link wp-element-button add_to_cart_button\">Leer m\u00e1s<\/a><\/div>\n\t\t\t<\/li><\/ul><\/div><\/div>\n<\/div>\n","protected":false},"excerpt":{"rendered":"","protected":false},"author":1,"featured_media":0,"parent":0,"menu_order":0,"comment_status":"closed","ping_status":"closed","template":"","meta":{"footnotes":""},"class_list":["post-8","page","type-page","status-publish","hentry"],"yoast_head":"<!-- This site is optimized with the Yoast SEO plugin v27.0 - https:\/\/yoast.com\/product\/yoast-seo-wordpress\/ -->\n<title>Carrito - Just Deploy It!<\/title>\n<meta name=\"robots\" content=\"index, follow, max-snippet:-1, max-image-preview:large, max-video-preview:-1\" \/>\n<link rel=\"canonical\" href=\"https:\/\/dani.wc-legacy.nacex.dev\/?page_id=8\" \/>\n<meta property=\"og:locale\" content=\"es_ES\" \/>\n<meta property=\"og:type\" content=\"article\" \/>\n<meta property=\"og:title\" content=\"Carrito - Just Deploy It!\" \/>\n<meta property=\"og:url\" content=\"https:\/\/dani.wc-legacy.nacex.dev\/?page_id=8\" \/>\n<meta property=\"og:site_name\" content=\"Just Deploy It!\" \/>\n<meta name=\"twitter:card\" content=\"summary_large_image\" \/>\n<script type=\"application\/ld+json\" class=\"yoast-schema-graph\">{\"@context\":\"https:\/\/schema.org\",\"@graph\":[{\"@type\":\"WebPage\",\"@id\":\"https:\/\/dani.wc-legacy.nacex.dev\/?page_id=8\",\"url\":\"https:\/\/dani.wc-legacy.nacex.dev\/?page_id=8\",\"name\":\"Carrito - Just Deploy It!\",\"isPartOf\":{\"@id\":\"https:\/\/dani.wc-legacy.nacex.dev\/#website\"},\"datePublished\":\"2026-02-19T13:41:47+00:00\",\"breadcrumb\":{\"@id\":\"https:\/\/dani.wc-legacy.nacex.dev\/?page_id=8#breadcrumb\"},\"inLanguage\":\"es\",\"potentialAction\":[{\"@type\":\"ReadAction\",\"target\":[\"https:\/\/dani.wc-legacy.nacex.dev\/?page_id=8\"]}]},{\"@type\":\"BreadcrumbList\",\"@id\":\"https:\/\/dani.wc-legacy.nacex.dev\/?page_id=8#breadcrumb\",\"itemListElement\":[{\"@type\":\"ListItem\",\"position\":1,\"name\":\"Portada\",\"item\":\"https:\/\/dani.wc-legacy.nacex.dev\/\"},{\"@type\":\"ListItem\",\"position\":2,\"name\":\"Carrito\"}]},{\"@type\":\"WebSite\",\"@id\":\"https:\/\/dani.wc-legacy.nacex.dev\/#website\",\"url\":\"https:\/\/dani.wc-legacy.nacex.dev\/\",\"name\":\"Just Deploy It!\",\"description\":\"\",\"potentialAction\":[{\"@type\":\"SearchAction\",\"target\":{\"@type\":\"EntryPoint\",\"urlTemplate\":\"https:\/\/dani.wc-legacy.nacex.dev\/?s={search_term_string}\"},\"query-input\":{\"@type\":\"PropertyValueSpecification\",\"valueRequired\":true,\"valueName\":\"search_term_string\"}}],\"inLanguage\":\"es\"}]}<\/script>\n<!-- \/ Yoast SEO plugin. -->","yoast_head_json":{"title":"Carrito - Just Deploy It!","robots":{"index":"index","follow":"follow","max-snippet":"max-snippet:-1","max-image-preview":"max-image-preview:large","max-video-preview":"max-video-preview:-1"},"canonical":"https:\/\/dani.wc-legacy.nacex.dev\/?page_id=8","og_locale":"es_ES","og_type":"article","og_title":"Carrito - Just Deploy It!","og_url":"https:\/\/dani.wc-legacy.nacex.dev\/?page_id=8","og_site_name":"Just Deploy It!","twitter_card":"summary_large_image","schema":{"@context":"https:\/\/schema.org","@graph":[{"@type":"WebPage","@id":"https:\/\/dani.wc-legacy.nacex.dev\/?page_id=8","url":"https:\/\/dani.wc-legacy.nacex.dev\/?page_id=8","name":"Carrito - Just Deploy It!","isPartOf":{"@id":"https:\/\/dani.wc-legacy.nacex.dev\/#website"},"datePublished":"2026-02-19T13:41:47+00:00","breadcrumb":{"@id":"https:\/\/dani.wc-legacy.nacex.dev\/?page_id=8#breadcrumb"},"inLanguage":"es","potentialAction":[{"@type":"ReadAction","target":["https:\/\/dani.wc-legacy.nacex.dev\/?page_id=8"]}]},{"@type":"BreadcrumbList","@id":"https:\/\/dani.wc-legacy.nacex.dev\/?page_id=8#breadcrumb","itemListElement":[{"@type":"ListItem","position":1,"name":"Portada","item":"https:\/\/dani.wc-legacy.nacex.dev\/"},{"@type":"ListItem","position":2,"name":"Carrito"}]},{"@type":"WebSite","@id":"https:\/\/dani.wc-legacy.nacex.dev\/#website","url":"https:\/\/dani.wc-legacy.nacex.dev\/","name":"Just Deploy It!","description":"","potentialAction":[{"@type":"SearchAction","target":{"@type":"EntryPoint","urlTemplate":"https:\/\/dani.wc-legacy.nacex.dev\/?s={search_term_string}"},"query-input":{"@type":"PropertyValueSpecification","valueRequired":true,"valueName":"search_term_string"}}],"inLanguage":"es"}]}},"_links":{"self":[{"href":"https:\/\/dani.wc-legacy.nacex.dev\/index.php?rest_route=\/wp\/v2\/pages\/8","targetHints":{"allow":["GET"]}}],"collection":[{"href":"https:\/\/dani.wc-legacy.nacex.dev\/index.php?rest_route=\/wp\/v2\/pages"}],"about":[{"href":"https:\/\/dani.wc-legacy.nacex.dev\/index.php?rest_route=\/wp\/v2\/types\/page"}],"author":[{"embeddable":true,"href":"https:\/\/dani.wc-legacy.nacex.dev\/index.php?rest_route=\/wp\/v2\/users\/1"}],"replies":[{"embeddable":true,"href":"https:\/\/dani.wc-legacy.nacex.dev\/index.php?rest_route=%2Fwp%2Fv2%2Fcomments&post=8"}],"version-history":[{"count":0,"href":"https:\/\/dani.wc-legacy.nacex.dev\/index.php?rest_route=\/wp\/v2\/pages\/8\/revisions"}],"wp:attachment":[{"href":"https:\/\/dani.wc-legacy.nacex.dev\/index.php?rest_route=%2Fwp%2Fv2%2Fmedia&parent=8"}],"curies":[{"name":"wp","href":"https:\/\/api.w.org\/{rel}","templated":true}]}}